{"id":1868,"date":"2020-11-24T08:14:37","date_gmt":"2020-11-24T07:14:37","guid":{"rendered":"https:\/\/hotelsalondeprovence.fr\/?page_id=1868"},"modified":"2026-03-18T11:29:05","modified_gmt":"2026-03-18T10:29:05","slug":"chambre-double-confort-superieure","status":"publish","type":"page","link":"https:\/\/hotelsalondeprovence.fr\/index.php\/page-d-exemple\/chambre-double-confort-superieure\/","title":{"rendered":"Chambre double confort sup\u00e9rieur"},"content":{"rendered":"\r\n<h1><div id=\"metaslider-id-3689\" style=\"width: 100%; margin: 0 auto;\" class=\"ml-slider-3-107-0 metaslider metaslider-nivo metaslider-3689 ml-slider has-dots-nav ms-theme-default\" role=\"region\" aria-label=\"chambre double confort superieure\" data-height=\"700\" data-width=\"1000\">\n    <div id=\"metaslider_container_3689\">\n        <div class='slider-wrapper theme-default'><div class='ribbon'><\/div><div id='metaslider_3689' class='nivoSlider'><img loading=\"lazy\" decoding=\"async\" src=\"https:\/\/hotelsalondeprovence.fr\/wp-content\/uploads\/2022\/12\/011257ff-3a02-43b5-971f-1dea431701c7-480x336.jpg\" height=\"700\" width=\"1000\" data-caption=\"CHAMBRE DOUBLE CONFORT SUP&Eacute;RIEURE\" title=\"011257ff-3a02-43b5-971f-1dea431701c7\" alt=\"\" class=\"slider-3689 slide-3714 msDefaultImage\" \/><img loading=\"lazy\" decoding=\"async\" src=\"https:\/\/hotelsalondeprovence.fr\/wp-content\/uploads\/2022\/12\/DSC0319-HDR-scaled-1000x700.jpg\" height=\"700\" width=\"1000\" data-caption=\"CHAMBRE DOUBLE CONFORT SUP&Eacute;RIEURE\" title=\"_DSC0319-HDR\" alt=\"\" class=\"slider-3689 slide-3706 msDefaultImage\" \/><img loading=\"lazy\" decoding=\"async\" src=\"https:\/\/hotelsalondeprovence.fr\/wp-content\/uploads\/2022\/12\/4a76c5ac-ee7c-41e9-b11f-5fe812d868cc-480x336.jpg\" height=\"700\" width=\"1000\" data-caption=\"CHAMBRE DOUBLE CONFORT SUP&Eacute;RIEURE\" title=\"4a76c5ac-ee7c-41e9-b11f-5fe812d868cc\" alt=\"\" class=\"slider-3689 slide-3713 msDefaultImage\" \/><img loading=\"lazy\" decoding=\"async\" src=\"https:\/\/hotelsalondeprovence.fr\/wp-content\/uploads\/2022\/12\/311647f9-b79d-4b1b-8c87-a0f247ba73db-502x351.jpg\" height=\"700\" width=\"1000\" data-caption=\"CHAMBRE DOUBLE CONFORT SUP&Eacute;RIEURE\" title=\"311647f9-b79d-4b1b-8c87-a0f247ba73db\" alt=\"\" class=\"slider-3689 slide-3715 msDefaultImage\" \/><img loading=\"lazy\" decoding=\"async\" src=\"https:\/\/hotelsalondeprovence.fr\/wp-content\/uploads\/2022\/12\/DSC7194-HDR-scaled-1000x700.jpg\" height=\"700\" width=\"1000\" data-caption=\"CHAMBRE DOUBLE CONFORT SUP&Eacute;RIEURE\" title=\"_DSC7194-HDR\" alt=\"\" class=\"slider-3689 slide-3735 msDefaultImage\" \/><img loading=\"lazy\" decoding=\"async\" src=\"https:\/\/hotelsalondeprovence.fr\/wp-content\/uploads\/2022\/12\/DSC7201-HDR-scaled-1000x700.jpg\" height=\"700\" width=\"1000\" data-caption=\"CHAMBRE DOUBLE CONFORT SUP&Eacute;RIEURE\" title=\"_DSC7201-HDR\" alt=\"\" class=\"slider-3689 slide-3736 msDefaultImage\" \/><img loading=\"lazy\" decoding=\"async\" src=\"https:\/\/hotelsalondeprovence.fr\/wp-content\/uploads\/2022\/12\/DSC7222-HDR-scaled-1000x700.jpg\" height=\"700\" width=\"1000\" title=\"_DSC7222-HDR\" alt=\"\" class=\"slider-3689 slide-3739 msDefaultImage\" \/><img loading=\"lazy\" decoding=\"async\" src=\"https:\/\/hotelsalondeprovence.fr\/wp-content\/uploads\/2022\/12\/DSC7229-HDR-scaled-1000x700.jpg\" height=\"700\" width=\"1000\" data-caption=\"CHAMBRE DOUBLE CONFORT SUP&Eacute;RIEURE\" title=\"_DSC7229-HDR\" alt=\"\" class=\"slider-3689 slide-3740 msDefaultImage\" \/><img loading=\"lazy\" decoding=\"async\" src=\"https:\/\/hotelsalondeprovence.fr\/wp-content\/uploads\/2022\/12\/DSC7243-HDR-scaled-1000x700.jpg\" height=\"700\" width=\"1000\" data-caption=\"CHAMBRE DOUBLE CONFORT SUP&Eacute;RIEURE\" title=\"_DSC7243-HDR\" alt=\"\" class=\"slider-3689 slide-3742 msDefaultImage\" \/><img loading=\"lazy\" decoding=\"async\" src=\"https:\/\/hotelsalondeprovence.fr\/wp-content\/uploads\/2022\/12\/Chambre-5-6-1000x700.jpg\" height=\"700\" width=\"1000\" data-caption=\"CHAMBRE DOUBLE CONFORT SUP&Eacute;RIEURE\" title=\"CHAMBRE DOUBLE CONFORT SUP\u00c9RIEURE\" alt=\"CHAMBRE DOUBLE CONFORT SUP\u00c9RIEURE\" class=\"slider-3689 slide-3745 msDefaultImage\" \/><img loading=\"lazy\" decoding=\"async\" src=\"https:\/\/hotelsalondeprovence.fr\/wp-content\/uploads\/2023\/10\/DSF1816-1-scaled-1000x700.jpg\" height=\"700\" width=\"1000\" data-caption=\"CHAMBRE DOUBLE CONFORT SUP&Eacute;RIEURE\" title=\"_DSF1816-1\" alt=\"CHAMBRE DOUBLE CONFORT SUP\u00c9RIEURE\" class=\"slider-3689 slide-3974 msDefaultImage\" \/><img loading=\"lazy\" decoding=\"async\" src=\"https:\/\/hotelsalondeprovence.fr\/wp-content\/uploads\/2023\/10\/DSF1819-1-scaled-1000x700.jpg\" height=\"700\" width=\"1000\" data-caption=\"CHAMBRE DOUBLE CONFORT SUP&Eacute;RIEURE\" title=\"_DSF1819-1\" alt=\"\" class=\"slider-3689 slide-3975 msDefaultImage\" \/><img loading=\"lazy\" decoding=\"async\" src=\"https:\/\/hotelsalondeprovence.fr\/wp-content\/uploads\/2023\/10\/DSF1820-scaled-1000x700.jpg\" height=\"700\" width=\"1000\" data-caption=\"CHAMBRE DOUBLE CONFORT SUP&Eacute;RIEURE\" title=\"_DSF1820\" alt=\"\" class=\"slider-3689 slide-3976 msDefaultImage\" \/><img loading=\"lazy\" decoding=\"async\" src=\"https:\/\/hotelsalondeprovence.fr\/wp-content\/uploads\/2023\/10\/DSF1823-scaled-1000x700.jpg\" height=\"700\" width=\"1000\" data-caption=\"CHAMBRE DOUBLE CONFORT SUP&Eacute;RIEURE\" title=\"_DSF1823\" alt=\"\" class=\"slider-3689 slide-3977 msDefaultImage\" \/><\/div><\/div>\n        \n    <\/div>\n<\/div><\/h1>\r\n<h1 style=\"text-align: center;\"><strong>CHAMBRE DOUBLE CONFORT SUP\u00c9RIEUR 30 m\u00b2<\/strong><\/h1>\r\n<h2 style=\"text-align: center;\">\u00a0\u2666 \u00a0 2\u00a0 personnes \u00a0 \u2666\u00a0 1\u00a0 couchage\u00a0 \u2666\u00a0\u00a0 <strong>96\u00a0\u20ac<\/strong><\/h2>\r\n<h2 style=\"text-align: center;\">\u00a0\u2666 2 \u21d4 3 personnes \u2666 2 couchages \u2666 1<strong>16 \u20ac <\/strong><\/h2>\r\n\r\n<div id=\"comp-ko32ebv0\" class=\"_2bafp\" data-testid=\"richTextElement\">\r\n<ul>\r\n<li style=\"list-style-type: none;\">\r\n<ul>\r\n<li style=\"list-style-type: none;\">\r\n<ul>\r\n<li style=\"list-style-type: none;\">\r\n<ul>\r\n<li style=\"list-style-type: none;\">\r\n<ul>\r\n<li style=\"list-style-type: none;\">\r\n<ul>\r\n<li style=\"list-style-type: none;\">\r\n<ul>\r\n<li style=\"list-style-type: none;\">\r\n<ul>\r\n<li style=\"list-style-type: none;\">\r\n<ul>\r\n<li style=\"list-style-type: none;\">\r\n<ul>\r\n<li>1 lit en 160 x 200 cm<\/li>\r\n<li class=\"font_8\">TV \u00e0 \u00e9cran plat<\/li>\r\n<li class=\"font_8\">Climatisation r\u00e9versible individuelle<\/li>\r\n<li>Dressing<\/li>\r\n<li class=\"font_8\">T\u00e9l\u00e9phone, bureau\u00a0\u00a0<\/li>\r\n<li>fauteuil convertible 1 place<\/li>\r\n<li>Balconnet<\/li>\r\n<li class=\"font_8\">Plateau d\u2019accueil\u00a0 Eau Th\u00e9 bouilloire et caf\u00e9<\/li>\r\n<li class=\"font_8\">Baignoire, wc, s\u00e8che cheveux<\/li>\r\n<li>Articles de toilette<\/li>\r\n<li>R\u00e9seau Wifi gratuit<\/li>\r\n<li>Non fumeur<\/li>\r\n<li>Situ\u00e9e au 2\u00e9m \u00e9tage<\/li>\r\n<\/ul>\r\n<\/li>\r\n<\/ul>\r\n<\/li>\r\n<\/ul>\r\n<\/li>\r\n<\/ul>\r\n<\/li>\r\n<\/ul>\r\n<\/li>\r\n<\/ul>\r\n<\/li>\r\n<\/ul>\r\n<\/li>\r\n<\/ul>\r\n<\/li>\r\n<\/ul>\r\n<\/li>\r\n<\/ul>\r\n<\/div>\r\n<p><img loading=\"lazy\" decoding=\"async\" class=\" wp-image-3580 aligncenter\" src=\"https:\/\/hotelsalondeprovence.fr\/wp-content\/uploads\/2022\/12\/Logo_Beige.png-petite.png\" alt=\"LOGO\" width=\"82\" height=\"83\" \/><\/p>\r\n\r\n\r\n\r\n\r\n\r\n\r\n\r\n\r\n\r\n<h3 class=\"wp-block-heading\" style=\"text-align: center;\"><span style=\"color: #000000;\"><a class=\"wp-block-button__link has-text-color has-background\" style=\"color: #000000;\" href=\"https:\/\/reservations.hotel-spider.com\/#\/01q577a586233360\">R\u00c9SERVATION<\/a><\/span><\/h3>\r\n\r\n\r\n","protected":false},"excerpt":{"rendered":"<p>CHAMBRE DOUBLE CONFORT SUP\u00c9RIEUR 30 m\u00b2 \u00a0\u2666 \u00a0 2\u00a0 personnes \u00a0 \u2666\u00a0 1\u00a0 couchage\u00a0 \u2666\u00a0\u00a0 96\u00a0\u20ac \u00a0\u2666 2 \u21d4 3 personnes \u2666 2 couchages \u2666 116 \u20ac 1 lit en 160 x 200 cm TV \u00e0 \u00e9cran plat Climatisation r\u00e9versible<\/p>\n","protected":false},"author":2,"featured_media":0,"parent":2,"menu_order":7,"comment_status":"closed","ping_status":"closed","template":"","meta":{"_uag_custom_page_level_css":"","footnotes":""},"class_list":["post-1868","page","type-page","status-publish","hentry"],"uagb_featured_image_src":{"full":false,"thumbnail":false,"medium":false,"medium_large":false,"large":false,"1536x1536":false,"2048x2048":false,"featured-blog-large":false,"featured-blog-small":false,"featured-service":false,"featured-recent-work":false},"uagb_author_info":{"display_name":"anna","author_link":"https:\/\/hotelsalondeprovence.fr\/index.php\/author\/maunat\/"},"uagb_comment_info":0,"uagb_excerpt":"CHAMBRE DOUBLE CONFORT SUP\u00c9RIEUR 30 m\u00b2 \u00a0\u2666 \u00a0 2\u00a0 personnes \u00a0 \u2666\u00a0 1\u00a0 couchage\u00a0 \u2666\u00a0\u00a0 96\u00a0\u20ac \u00a0\u2666 2 \u21d4 3 personnes \u2666 2 couchages \u2666 116 \u20ac 1 lit en 160 x 200 cm TV \u00e0 \u00e9cran plat Climatisation r\u00e9versible","_links":{"self":[{"href":"https:\/\/hotelsalondeprovence.fr\/index.php\/wp-json\/wp\/v2\/pages\/1868","targetHints":{"allow":["GET"]}}],"collection":[{"href":"https:\/\/hotelsalondeprovence.fr\/index.php\/wp-json\/wp\/v2\/pages"}],"about":[{"href":"https:\/\/hotelsalondeprovence.fr\/index.php\/wp-json\/wp\/v2\/types\/page"}],"author":[{"embeddable":true,"href":"https:\/\/hotelsalondeprovence.fr\/index.php\/wp-json\/wp\/v2\/users\/2"}],"replies":[{"embeddable":true,"href":"https:\/\/hotelsalondeprovence.fr\/index.php\/wp-json\/wp\/v2\/comments?post=1868"}],"version-history":[{"count":22,"href":"https:\/\/hotelsalondeprovence.fr\/index.php\/wp-json\/wp\/v2\/pages\/1868\/revisions"}],"predecessor-version":[{"id":4181,"href":"https:\/\/hotelsalondeprovence.fr\/index.php\/wp-json\/wp\/v2\/pages\/1868\/revisions\/4181"}],"up":[{"embeddable":true,"href":"https:\/\/hotelsalondeprovence.fr\/index.php\/wp-json\/wp\/v2\/pages\/2"}],"wp:attachment":[{"href":"https:\/\/hotelsalondeprovence.fr\/index.php\/wp-json\/wp\/v2\/media?parent=1868"}],"curies":[{"name":"wp","href":"https:\/\/api.w.org\/{rel}","templated":true}]}}