{"id":193,"date":"2018-02-21T18:35:02","date_gmt":"2018-02-21T17:35:02","guid":{"rendered":"https:\/\/hotelsalondeprovence.fr\/?page_id=193"},"modified":"2022-12-20T12:19:05","modified_gmt":"2022-12-20T11:19:05","slug":"mentions-legales","status":"publish","type":"page","link":"https:\/\/hotelsalondeprovence.fr\/index.php\/mentions-legales\/","title":{"rendered":"Mentions l\u00e9gales"},"content":{"rendered":"<h2><span class=\"navy\"><u><img loading=\"lazy\" decoding=\"async\" class=\"aligncenter size-thumbnail wp-image-374\" src=\"https:\/\/hotelsalondeprovence.fr\/wp-content\/uploads\/2018\/02\/logo-noir-et-blanc-e1519838563741-150x150.png\" alt=\"\" width=\"150\" height=\"150\" \/><\/u><\/span><\/h2>\n<h2 style=\"text-align: center;\"><span class=\"navy\"><u>La consultation du site internet de l&rsquo;H\u00f4tel De Charme Le Provence suppose l&rsquo;acceptation sans r\u00e9serve des pr\u00e9sentes conditions d&rsquo;utilisation. <\/u><\/span><\/h2>\n<h2><span class=\"navy\"><u>Directeur de la publication et r\u00e9daction:<\/u><\/span><\/h2>\n<p>H\u00f4tel de Charme\u00a0 Le Provence &#8211; 450 Boulevard du Mar\u00e9chal Foch 13300 Salon de Provence.<br \/>\nT\u00e9l: +33(0)490 562 704<br \/>\nSiret : 828 930 792 00019<br \/>\nTVA intracommunautaire : FR90 828 930 792<\/p>\n<h2><span class=\"navy\"><u>Repr\u00e9sent\u00e9 par :<\/u><\/span><\/h2>\n<p>H\u00f4tel de Charme Le Provence &#8211; 450 Boulevard du Mar\u00e9chal Foch 13300 Salon de Provence.<\/p>\n<h2><span class=\"navy\"><u>H\u00e9bergeur:<\/u><\/span><\/h2>\n<p>online.net<\/p>\n<h2><span class=\"navy\"><u>Conform\u00e9ment au code de la Propri\u00e9t\u00e9 Intellectuelle<\/u><\/span><\/h2>\n<h4>et, plus g\u00e9n\u00e9ralement, \u00e0 tous les accords comportant des dispositions relatives aux droits d&rsquo;auteur, la reproduction partielle ou totale d&rsquo;images ou d&rsquo;illustrations non destin\u00e9es explicitement \u00e0 \u00eatre t\u00e9l\u00e9charg\u00e9es\u00a0 par les visiteurs, sont interdites sans autorisation pr\u00e9alable de l&rsquo;\u00e9diteur ou de tout ayant-droit.<\/h4>\n<h2><span class=\"navy\"><u>Vous disposez d&rsquo;un droit d&rsquo;acc\u00e8s<\/u><\/span><\/h2>\n<p>de modification,\u00a0 de\u00a0 rectification\u00a0 et\u00a0 de\u00a0 suppression des \u00a0 donn\u00e9es qui vous concernent \u00a0 (art.34 de la loi\u00a0\u00bbinformatique et libert\u00e9s\u00a0\u00bb). pour l&rsquo;exercer, envoyez un mail \u00e0 l&rsquo;adresse suivante:\u00a0<a href=\"mailto:contact@hotelsalondeprovence.fr?SUBJECT=Droit%20d%27acc%C3%A8s%20sur%20le%20site%20hotelsalondeprovence.fr\"><br \/>\ncontact@hotelsalondeprovence.fr<\/a><\/p>\n<p><strong>Le contenu \u00e9ditorial<\/strong><br \/>\nLe Site propose un contenu \u00e9ditorial (h\u00f4tel, chambres&#8230;) dans un seul but documentaire et \u00e0 titre indicatif. Ce contenu doit \u00eatre pris comme des \u00e9l\u00e9ments de r\u00e9flexion. Les Utilisateurs sont invit\u00e9s par l&rsquo;Editeur \u00e0 exploiter ces informations avec un esprit critique et discernement.<\/p>\n<p><strong>Liens hypertextes vers des sites tiers<\/strong><br \/>\nLe Site propose des liens hypertextes pointant vers des sites Internet \u00e9dit\u00e9s par des tiers. La mise en place de ces liens ne signifie pas l&rsquo;approbation par l&rsquo;\u00e9diteur du contenu des dits sites. L&rsquo;Editeur ne peut pas r\u00e9aliser en permanence un contr\u00f4le du contenu des dits sites, et ne peut donc garantir : l&rsquo;exactitude, la fiabilit\u00e9, la pertinence, la mise \u00e0 jour, ou l&rsquo;exhaustivit\u00e9 de leur contenu ; leur acc\u00e8s et bon fonctionnement technique. Par cons\u00e9quent, la responsabilit\u00e9 de l&rsquo;Editeur ne pourra \u00eatre retenue en cas d&rsquo;\u00e9ventuel litige entre un site r\u00e9f\u00e9renc\u00e9 sur le Site et un Utilisateur. Seule la responsabilit\u00e9 des \u00e9diteurs des sites r\u00e9f\u00e9renc\u00e9s sur le Site pourra \u00eatre engag\u00e9e.<\/p>\n<p><strong>La protection de la vie priv\u00e9e et des donn\u00e9es personnelles<\/strong><br \/>\nLe Site collecte les informations personnelles fournies par les Utilisateurs \u00e0 l&rsquo;occasion de leur visite sur le Site. Cette collecte permet : L&rsquo;\u00e9tablissement de statistiques g\u00e9n\u00e9rales sur le trafic sur le Site ; L&rsquo;envoi\u00a0 vers\u00a0 les adresses mails fournies par les utilisateurs de r\u00e9ponses, d&rsquo;informations diverses ou annonces provenant de l&rsquo;Editeur.\u00a0 La collecte\u00a0 et le traitement des informations personnelles sur \u00a0 Internet\u00a0 doivent\u00a0\u00a0 se faire dans le respect des\u00a0 droits\u00a0 fondamentaux\u00a0\u00a0 des\u00a0 personnes. \u00a0 Par cons\u00e9quent, l&rsquo;Editeur s&rsquo;engage \u00e0 une politique de traitement en conformit\u00e9 avec la loi n\u00b02004-575 du 21 juin 2004 pour la confiance dans l&rsquo;\u00e9conomie num\u00e9rique. Tout utilisateur du Site dispose d&rsquo;un droit d&rsquo;acc\u00e8s, modification, de rectification ou de suppression aux donn\u00e9es personnelles le concernant. Il peut exercer ces droits en contactant l&rsquo;Editeur aux coordonn\u00e9es indiqu\u00e9es en haut de page. Pour faciliter l&rsquo;exercice de ces droits, les Utilisateurs du Site peuvent se d\u00e9sinscrire en cliquant sur les liens hypertextes\u00a0 de\u00a0 d\u00e9sinscription\u00a0 pr\u00e9sents\u00a0 sur\u00a0 les mails adress\u00e9s. Les ordinateurs se connectant aux serveurs du Site re\u00e7oivent sur leur disque dur un ou plusieurs fichiers au format texte tr\u00e8s l\u00e9gers appel\u00e9s commun\u00e9ment \u00a0\u00bb Cookies \u00ab\u00a0. Les cookies enregistrent des informations relatives \u00e0 la navigation sur le Site effectu\u00e9e \u00e0 partir de l&rsquo;ordinateur sur lequel est stock\u00e9 le \u00ab\u00a0cookie\u00a0\u00bb (les pages consult\u00e9es, la date et l&rsquo;heure de la consultation, etc.).\u00a0\u00a0 Ils permettent \u00a0 d&rsquo;identifier\u00a0 les \u00a0 visites successives faites \u00a0 \u00e0 partir d&rsquo;un m\u00eame ordinateur. Les personnes connect\u00e9es au Site ont la libert\u00e9 de s&rsquo;opposer \u00e0 l&rsquo;enregistrement de \u00ab\u00a0cookies\u00a0\u00bb. Pour se faire, elles peuvent employer les fonctionnalit\u00e9s correspondantes sur leur navigateur. Cependant, l&rsquo;Editeur attire l&rsquo;attention des Utilisateurs que, dans un tel cas, l&rsquo;acc\u00e8s \u00e0 certains services du Site peut se r\u00e9v\u00e9ler alt\u00e9r\u00e9e, voire impossible.<\/p>\n<p><strong>La s\u00e9curit\u00e9 des \u00e9changes<\/strong><br \/>\nL&rsquo;Editeur s&rsquo;engage \u00e0 prendre toutes les mesures juridiques et techniques pour s\u00e9curiser les \u00e9changes. A ce titre, L&rsquo;Editeur\u00a0\u00a0 s&rsquo;engage\u00a0 \u00e0 une obligation de\u00a0 moyen\u00a0 pour bloquer\u00a0\u00a0\u00a0\u00a0\u00a0 les d\u00e9tournements de donn\u00e9es, et \u00e0 respecter\u00a0\u00a0 les\u00a0\u00a0\u00a0 r\u00e9glementations applicables. N\u00e9anmoins, les Utilisateurs du Site connaissent les particularit\u00e9s techniques du\u00a0 r\u00e9seau Internet \u00a0 \u00a0 et\u00a0 les risques aff\u00e9rents. Par cons\u00e9quent, L&rsquo;Editeur ne peut garantir \u00e0 ses Utilisateurs que les donn\u00e9es \u00e9chang\u00e9es via les services propos\u00e9s par le Site ne soient \u00a0 pas r\u00e9colt\u00e9es de\u00a0 fa\u00e7on frauduleuse par des tiers.<\/p>\n<p><strong>La disponibilit\u00e9 des services<\/strong><\/p>\n<p>L&rsquo;Editeur\u00a0\u00a0 dispose d&rsquo;une obligation de moyens en terme d&rsquo;accessibilit\u00e9 de service et met en place les structures n\u00e9cessaires pour rendre le Site accessible 7 jours sur 7 et 24 heures sur 24. N\u00e9anmoins, L&rsquo;Editeur\u00a0\u00a0 peut\u00a0\u00a0 suspendre l&rsquo;acc\u00e8s sans pr\u00e9avis, notamment pour des raisons de maintenance et de mises \u00e0 niveau. L&rsquo;Editeur n&rsquo;est en aucun cas responsable des \u00e9ventuels pr\u00e9judices qui peuvent en d\u00e9couler pour l&rsquo;Utilisateur ou tout tiers. L&rsquo;Editeur peut \u00e0 tout moment supprimer tout ou partie de ses Services ou en modifier leurs teneur notamment pour des raisons techniques, et cela sans pr\u00e9avis. L&rsquo;Editeur se r\u00e9serve la facult\u00e9 de refuser, unilat\u00e9ralement et sans notification pr\u00e9alable, \u00a0 \u00a0 \u00a0 \u00a0 \u00e0 tout Utilisateur l&rsquo;acc\u00e8s \u00e0 tout ou partie du Site. Une telle d\u00e9cision pourrait notamment \u00eatre prise en cas de non-respect des termes du pr\u00e9sent texte par un Utilisateur.<\/p>\n<p><strong>Droit applicable<\/strong><br \/>\nLe pr\u00e9sent texte est soumis au droit fran\u00e7ais. L&rsquo;Editeur se r\u00e9serve le droit d&rsquo;en amender \u00e0 tout moment les termes, conditions et mentions d&rsquo;avertissement.<\/p>\n<h3><strong>Information<\/strong><\/h3>\n<div align=\"center\">\n<p style=\"text-align: left;\">Les\u00a0 informations\u00a0 publi\u00e9es,\u00a0 y\u00a0\u00a0 compris\u00a0 dans\u00a0 leur\u00a0 aspect\u00a0 et\u00a0 leurs\u00a0 caract\u00e9ristiques,\u00a0 sur\u00a0 le site internet\u00a0 de l&rsquo;H\u00f4tel\u00a0 de Provence sont non contractuelles.\u00a0 Ces informations ne constituent\u00a0\u00a0 en\u00a0 aucun\u00a0 cas \u00a0\u00a0 une\u00a0 assertion,\u00a0 une \u00a0 \u00a0 garantie\u00a0 ou un\u00a0\u00a0 quelconque\u00a0 engagement\u00a0 de\u00a0 la\u00a0 part\u00a0 de \u00a0 l&rsquo;H\u00f4tel\u00a0 de\u00a0 Provence \u00a0 \u00e0\u00a0 l&rsquo;\u00e9gard\u00a0 de \u00a0 \u00a0 tout\u00a0 produit\u00a0 ou \u00a0 service :\u00a0\u00a0\u00a0\u00a0\u00a0\u00a0\u00a0\u00a0\u00a0\u00a0\u00a0\u00a0\u00a0\u00a0\u00a0\u00a0\u00a0\u00a0\u00a0\u00a0\u00a0\u00a0\u00a0\u00a0\u00a0\u00a0\u00a0\u00a0\u00a0\u00a0 L&rsquo;H\u00f4tel de Provence d\u00e9cline toute responsabilit\u00e9, expresse\u00a0 ou implicite, quant \u00a0 \u00e0 leur\u00a0 compl\u00e9tude, leur exactitude ou leur ad\u00e9quation \u00e0 un but quelconque.\u00a0 L&rsquo;H\u00f4tel de Provence\u00a0 a\u00a0 fait tous \u00a0 ses efforts pour s&rsquo;assurer que les informations accessibles par l&rsquo;interm\u00e9diaire de son site web sont exactes. Cependant, nous ne garantissons en aucune mani\u00e8re que ces \u00a0 informations\u00a0 soient \u00a0 exactes,\u00a0\u00a0 compl\u00e8tes\u00a0 et\u00a0 \u00e0\u00a0 jour.\u00a0 L&rsquo;H\u00f4tel\u00a0 de\u00a0 Provence \u00a0 n&rsquo;assure\u00a0 aucune\u00a0 garantie,\u00a0 expresse ou tacite,\u00a0 concernant<\/p>\n<p style=\"text-align: left;\">tout \u00a0 ou\u00a0 partie\u00a0 de\u00a0 son\u00a0 site\u00a0\u00a0 web.<\/p>\n<p style=\"text-align: left;\">En aucun cas, l&rsquo;H\u00f4tel de Provence ne peut \u00eatre tenu pour responsable d&rsquo;un quelconque dommage direct ou indirect, quelle qu&rsquo;en soit la nature, d\u00e9coulant de l&rsquo;utilisation de son site web.\u00a0 La mise en place de liens hypertextes en\u00a0 direction d&rsquo;autres\u00a0 sites ou de ressources disponibles sur le r\u00e9seau Internet, ne saurait engager\u00a0 la responsabilit\u00e9\u00a0 de\u00a0\u00a0 l&rsquo;H\u00f4tel Select ni celle de son h\u00e9bergeur \u00e0 raison des contenus propos\u00e9s par les sites d\u00e9sign\u00e9s. WEB.ONLINE d\u00e9cline toute responsabilit\u00e9 concernant le contenu de sites li\u00e9s au site web de l&rsquo;H\u00f4tel de Provence. L&rsquo;H\u00f4tel de Provence d\u00e9cline toutes responsabilit\u00e9s quant \u00e0 la pertinence des informations fournies et \u00e0 l&rsquo;utilisation qu&rsquo;un internaute est susceptible d&rsquo;en faire.<\/p>\n<h3 style=\"text-align: left;\"><strong><u>Formulaire de contact et r\u00e9servation :<\/u><\/strong><\/h3>\n<p style=\"text-align: left;\">Les\u00a0 informations\u00a0 recueillies aupr\u00e8s des internautes par\u00a0 le\u00a0 biais d&rsquo;un formulaire\u00a0 de contact sont conformes \u00e0 la Loi Informatique et Libert\u00e9s. Nous vous informons que vos r\u00e9ponses sont facultatives et que le d\u00e9faut de r\u00e9ponse n&rsquo;entra\u00eene aucune cons\u00e9quence particuli\u00e8re. Dans certains cas n\u00e9anmoins, vos indications doivent \u00eatre suffisantes pour\u00a0\u00a0\u00a0\u00a0 nous permettre de vous r\u00e9pondre et\/ou traiter vos demandes. Les\u00a0\u00a0 conditions g\u00e9n\u00e9rales de\u00a0\u00a0 ventes et d&rsquo;annulation\u00a0 li\u00e9es \u00e0 la r\u00e9servation en ligne ou demande de r\u00e9servation sont indiqu\u00e9es\u00a0 pr\u00e9cis\u00e9ment\u00a0 dans les formulaires. Les taxes de s\u00e9jours si il y en a,\u00a0 seront pr\u00e9cis\u00e9es sur la\u00a0 facture de\u00a0 l&rsquo;\u00e9tablissement, elles\u00a0 ne \u00a0 sont pas comprises \u00a0 dans les\u00a0 montants indiqu\u00e9s lors de la r\u00e9servation. La fixation de ces taxes est ind\u00e9pendante de la volont\u00e9 de l&rsquo;H\u00f4tel de Provence.<\/p>\n<\/div>\n","protected":false},"excerpt":{"rendered":"<p>La consultation du site internet de l&rsquo;H\u00f4tel De Charme Le Provence suppose l&rsquo;acceptation sans r\u00e9serve des pr\u00e9sentes conditions d&rsquo;utilisation. Directeur de la publication et r\u00e9daction: H\u00f4tel de Charme\u00a0 Le Provence &#8211; 450 Boulevard du Mar\u00e9chal Foch 13300 Salon de Provence.<\/p>\n","protected":false},"author":2,"featured_media":0,"parent":0,"menu_order":0,"comment_status":"closed","ping_status":"closed","template":"","meta":{"_uag_custom_page_level_css":"","footnotes":""},"class_list":["post-193","page","type-page","status-publish","hentry"],"uagb_featured_image_src":{"full":false,"thumbnail":false,"medium":false,"medium_large":false,"large":false,"1536x1536":false,"2048x2048":false,"featured-blog-large":false,"featured-blog-small":false,"featured-service":false,"featured-recent-work":false},"uagb_author_info":{"display_name":"anna","author_link":"https:\/\/hotelsalondeprovence.fr\/index.php\/author\/maunat\/"},"uagb_comment_info":0,"uagb_excerpt":"La consultation du site internet de l&rsquo;H\u00f4tel De Charme Le Provence suppose l&rsquo;acceptation sans r\u00e9serve des pr\u00e9sentes conditions d&rsquo;utilisation. Directeur de la publication et r\u00e9daction: H\u00f4tel de Charme\u00a0 Le Provence &#8211; 450 Boulevard du Mar\u00e9chal Foch 13300 Salon de Provence.","_links":{"self":[{"href":"https:\/\/hotelsalondeprovence.fr\/index.php\/wp-json\/wp\/v2\/pages\/193","targetHints":{"allow":["GET"]}}],"collection":[{"href":"https:\/\/hotelsalondeprovence.fr\/index.php\/wp-json\/wp\/v2\/pages"}],"about":[{"href":"https:\/\/hotelsalondeprovence.fr\/index.php\/wp-json\/wp\/v2\/types\/page"}],"author":[{"embeddable":true,"href":"https:\/\/hotelsalondeprovence.fr\/index.php\/wp-json\/wp\/v2\/users\/2"}],"replies":[{"embeddable":true,"href":"https:\/\/hotelsalondeprovence.fr\/index.php\/wp-json\/wp\/v2\/comments?post=193"}],"version-history":[{"count":1,"href":"https:\/\/hotelsalondeprovence.fr\/index.php\/wp-json\/wp\/v2\/pages\/193\/revisions"}],"predecessor-version":[{"id":3229,"href":"https:\/\/hotelsalondeprovence.fr\/index.php\/wp-json\/wp\/v2\/pages\/193\/revisions\/3229"}],"wp:attachment":[{"href":"https:\/\/hotelsalondeprovence.fr\/index.php\/wp-json\/wp\/v2\/media?parent=193"}],"curies":[{"name":"wp","href":"https:\/\/api.w.org\/{rel}","templated":true}]}}