{"id":207,"date":"2018-02-21T18:42:11","date_gmt":"2018-02-21T17:42:11","guid":{"rendered":"https:\/\/hotelsalondeprovence.fr\/?page_id=207"},"modified":"2022-12-20T12:18:40","modified_gmt":"2022-12-20T11:18:40","slug":"activites-a-salon-de-provence-2","status":"publish","type":"page","link":"https:\/\/hotelsalondeprovence.fr\/index.php\/liens-adresses-utiles\/activites-a-salon-de-provence-2\/","title":{"rendered":"Activit\u00e9s \u00e0 salon de Provence"},"content":{"rendered":"<h2 style=\"text-align: center;\"><span class=\"navy\"><u>Voici une petite s\u00e9lection, non exhaustive, d&rsquo;activit\u00e9s ou de visites possibles \u00e0 Salon de Provence et aux alentours :<\/u><\/span><\/h2>\n<p><span class=\"navy\"><u>&#8211; Le Zoo de la Barben<\/u><\/span>, c&rsquo;est le plus grand parc animalier de la r\u00e9gion sur 30 hectares, 600 pensionnaires, 120 esp\u00e8ces. Vous pouvez aussi visiter le ch\u00e2teau.<br \/>\n<a title=\"Le Zoo de la Barben et son ch\u00e2teau pr\u00e8s de Salon de Provence\" href=\"http:\/\/www.zoolabarben.com\" target=\"_blank\" rel=\"noopener\">www.zoolabarben.com<\/a><br \/>\n<a title=\" le Ch\u00e2teau de la Barben vous ouvre ses portes : Mus\u00e9e, Chambres d'h\u00f4tes, salles de Mariages et r\u00e9ceptions, S\u00e9minaires...\" href=\"http:\/\/www.chateaudelabarben.fr\" target=\"_blank\" rel=\"noopener\">www.chateaudelabarben.fr<\/a><\/p>\n<p><span class=\"navy\"><u>&#8211; Accro Passion<\/u><\/span>, une aventure extraordinaire dans les arbres sur notre site magnifique de 6 hectares.<br \/>\n<a title=\"Vivez une aventure extraordinaire dans les arbres \u00e0 Salon de Provence\" href=\"http:\/\/www.accropassion.com\" target=\"_blank\" rel=\"noopener\">www.accropassion.com<\/a><\/p>\n<p><span class=\"navy\"><u>&#8211; Karting<\/u><\/span>, Le plus grand circuit plein air de la r\u00e9gion PACA. Circuit mistral KART&rsquo;ONE \u00e0 Salon de Provence &#8211; Eygui\u00e8re.<br \/>\nRenseignement et location au : 04 90 42 15 38<br \/>\n<a title=\"Circuit mistral KART'ONE \u00e0 Salon de Provence - Eygui\u00e8re\" href=\"http:\/\/www.scmd-karting.com\" target=\"_blank\" rel=\"noopener\">www.scmd-karting.com<\/a><\/p>\n<p><span class=\"navy\"><u>&#8211; Mus\u00e9e de l&rsquo;Emp\u00e9ri<\/u><\/span>, l&rsquo;une des premi\u00e8res collections publiques d&rsquo;uniformes, d&rsquo;armes et d&rsquo;\u00e9quipements militaires fran\u00e7ais au monde.<br \/>\nCh\u00e2teau de l&rsquo;Emp\u00e9ri, mont\u00e9e du Puech &#8211; Salon de Provence &#8211; T\u00e9l : 04 90 44 72 80<\/p>\n<p><span class=\"navy\"><u>&#8211; Mus\u00e9e Nostradamus<\/u><\/span>, ce mus\u00e9e municipale prend sa place dans la maison que MICHEL de NOSTREDAME, dit NOSTRADAMUS acheta en 1547 pour y fonder une nouvelle famille.<br \/>\nRue Nostradamus &#8211; Salon de Provence &#8211; T\u00e9l : 04 90 56 64 31<\/p>\n<p><span class=\"navy\"><u>&#8211; Mus\u00e9e Gr\u00e9vin<\/u><\/span>, l\u00e9gendes de la Provence. Ce mus\u00e9e d\u00e9die sa prestigieuse enseigne \u00e0 l&rsquo;Histoire et aux l\u00e9gendes de la Provence, de l&rsquo;antiquit\u00e9 \u00e0 nos jours.<br \/>\nPace des Centuries &#8211; Salon de Provence &#8211; T\u00e9l : 04 90 56 36 30<\/p>\n<p>McArthurGlen\u00a0 Provence,<\/p>\n<p><em>Le Village des Marques \u00a0\u00bb \u00ab\u00a0<\/em>\u00a0 \u00e0<em>\u00a0 Miramas\u00a0\u00a0 se situe \u00e0 12 km de Salon de Provence et offre \u00e0 ses visiteurs une multitude de grandes enseignes de marques \u00e0 prix r\u00e9duits.<\/em><\/p>\n<p><span class=\"navy\"><u>&#8211; Mus\u00e9e du savon de Marseille<\/u><\/span>,<\/p>\n<p>il retrace l&rsquo;histoire du savon en Provence, qui a d\u00e9but\u00e9e au Moyen-\u00e2ge.<br \/>\n148, Avenue Paul Bourret &#8211; Savonnerie Marius Fabre &#8211; Salon de Provence &#8211; T\u00e9l : 04 90 53 82 75<br \/>\n<a title=\"Depuis 1900, cette savonnerie familiale perp\u00e9tue la tradition d'un produit internationalement connu\" href=\"http:\/\/www.marius-fabre.fr\" target=\"_blank\" rel=\"noopener\">www.marius-fabre.fr<\/a><\/p>\n<p><span class=\"navy\"><u>&#8211; Vol \u00e0 Voile de la Crau<\/u><\/span>, Bapt\u00eame de l&rsquo;air au centre de vol \u00e0 voile de la Crau et pratique de l&rsquo;U.L.M.<br \/>\nA\u00e9rodrome de Salon &#8211; Eygui\u00e8res &#8211; Salon de provence &#8211; T\u00e9l : 04 90 42 00 91<\/p>\n<p><span class=\"navy\"><u>&#8211; Le Piano \u00e0 la Roque d&rsquo;Anth\u00e9ron<\/u><\/span>, le Festival international de piano de la Roque d&rsquo;Anth\u00e9ron, de juillet \u00e0 ao\u00fbt. D\u00e9couvrez le programme sur le site suivant :<br \/>\n<a title=\"le Festival international de piano de la Roque d'Anth\u00e9ron, de juillet \u00e0 ao\u00fbt\" href=\"http:\/\/www.festival-piano.com\" target=\"_blank\" rel=\"noopener\">www.festival-piano.com<\/a><\/p>\n<p><span class=\"navy\"><u>&#8211; Royalkids<\/u><\/span>, le parc de jeux pour les enfants de 0 \u00e0 12 ans \u00e0 salon de Provence, 235 rue des Canesteu ZI de la Gandonne &#8211; T\u00e9l : 04.42.47.89.38<br \/>\nOuvert tous les mercredi, samedi, dimanche et jours f\u00e9ri\u00e9s de 10h \u00e0 19h. Mardi et Vendredi de 15h \u00e0 19h. 7j\/7 pendant les vacances scolaires de 10h \u00e0 19h.<br \/>\n<a title=\"Parc de jeux pour enfants de 0 \u00e0 12 ans \u00e0 salon de provence\" href=\"http:\/\/www.royalkids.fr\" target=\"_blank\" rel=\"noopener\">www.royalkids.fr<\/a><\/p>\n<!-- MetaSlider 1251 not found -->\n","protected":false},"excerpt":{"rendered":"<p>Voici une petite s\u00e9lection, non exhaustive, d&rsquo;activit\u00e9s ou de visites possibles \u00e0 Salon de Provence et aux alentours : &#8211; Le Zoo de la Barben, c&rsquo;est le plus grand parc animalier de la r\u00e9gion sur 30 hectares, 600 pensionnaires, 120<\/p>\n","protected":false},"author":2,"featured_media":0,"parent":204,"menu_order":1,"comment_status":"closed","ping_status":"closed","template":"","meta":{"_uag_custom_page_level_css":"","footnotes":""},"class_list":["post-207","page","type-page","status-publish","hentry"],"uagb_featured_image_src":{"full":false,"thumbnail":false,"medium":false,"medium_large":false,"large":false,"1536x1536":false,"2048x2048":false,"featured-blog-large":false,"featured-blog-small":false,"featured-service":false,"featured-recent-work":false},"uagb_author_info":{"display_name":"anna","author_link":"https:\/\/hotelsalondeprovence.fr\/index.php\/author\/maunat\/"},"uagb_comment_info":0,"uagb_excerpt":"Voici une petite s\u00e9lection, non exhaustive, d&rsquo;activit\u00e9s ou de visites possibles \u00e0 Salon de Provence et aux alentours : &#8211; Le Zoo de la Barben, c&rsquo;est le plus grand parc animalier de la r\u00e9gion sur 30 hectares, 600 pensionnaires, 120","_links":{"self":[{"href":"https:\/\/hotelsalondeprovence.fr\/index.php\/wp-json\/wp\/v2\/pages\/207","targetHints":{"allow":["GET"]}}],"collection":[{"href":"https:\/\/hotelsalondeprovence.fr\/index.php\/wp-json\/wp\/v2\/pages"}],"about":[{"href":"https:\/\/hotelsalondeprovence.fr\/index.php\/wp-json\/wp\/v2\/types\/page"}],"author":[{"embeddable":true,"href":"https:\/\/hotelsalondeprovence.fr\/index.php\/wp-json\/wp\/v2\/users\/2"}],"replies":[{"embeddable":true,"href":"https:\/\/hotelsalondeprovence.fr\/index.php\/wp-json\/wp\/v2\/comments?post=207"}],"version-history":[{"count":1,"href":"https:\/\/hotelsalondeprovence.fr\/index.php\/wp-json\/wp\/v2\/pages\/207\/revisions"}],"predecessor-version":[{"id":3226,"href":"https:\/\/hotelsalondeprovence.fr\/index.php\/wp-json\/wp\/v2\/pages\/207\/revisions\/3226"}],"up":[{"embeddable":true,"href":"https:\/\/hotelsalondeprovence.fr\/index.php\/wp-json\/wp\/v2\/pages\/204"}],"wp:attachment":[{"href":"https:\/\/hotelsalondeprovence.fr\/index.php\/wp-json\/wp\/v2\/media?parent=207"}],"curies":[{"name":"wp","href":"https:\/\/api.w.org\/{rel}","templated":true}]}}