{"id":245,"date":"2018-02-21T23:48:27","date_gmt":"2018-02-21T22:48:27","guid":{"rendered":"https:\/\/hotelsalondeprovence.fr\/?page_id=245"},"modified":"2026-03-18T11:28:46","modified_gmt":"2026-03-18T10:28:46","slug":"suite-junior","status":"publish","type":"page","link":"https:\/\/hotelsalondeprovence.fr\/index.php\/page-d-exemple\/suite-junior\/","title":{"rendered":"Suite junior"},"content":{"rendered":"\r\n<div class=\"alignnormal\"><div id=\"metaslider-id-2141\" style=\"max-width: 1100px; margin: 0 auto;\" class=\"ml-slider-3-108-0 metaslider metaslider-nivo metaslider-2141 ml-slider ms-theme-default\" role=\"region\" aria-label=\"JUNIOR SUITE\" data-height=\"699\" data-width=\"1100\">\n    <div id=\"metaslider_container_2141\">\n        <div class='slider-wrapper theme-default'><div class='ribbon'><\/div><div id='metaslider_2141' class='nivoSlider'><img loading=\"lazy\" decoding=\"async\" src=\"https:\/\/hotelsalondeprovence.fr\/wp-content\/uploads\/2022\/12\/DSC1363-HDR-scaled-1100x699.jpg\" height=\"699\" width=\"1100\" data-caption=\"JUNIOR SUITE\" title=\"JUNIOR SUITE\" alt=\"JUNIOR SUITE\" class=\"slider-2141 slide-3817 msDefaultImage\" \/><img loading=\"lazy\" decoding=\"async\" src=\"https:\/\/hotelsalondeprovence.fr\/wp-content\/uploads\/2022\/12\/DSC4933-HDR-scaled-1100x699.jpg\" height=\"699\" width=\"1100\" data-caption=\"JUNIOR SUITE\" title=\"_DSC4933-HDR\" alt=\"\" class=\"slider-2141 slide-3825 msDefaultImage\" \/><img loading=\"lazy\" decoding=\"async\" src=\"https:\/\/hotelsalondeprovence.fr\/wp-content\/uploads\/2022\/12\/DSC1370-HDR-scaled-1100x699.jpg\" height=\"699\" width=\"1100\" data-caption=\"JUNIOR SUITE\" title=\"_DSC1370-HDR\" alt=\"\" class=\"slider-2141 slide-3818 msDefaultImage\" \/><img loading=\"lazy\" decoding=\"async\" src=\"https:\/\/hotelsalondeprovence.fr\/wp-content\/uploads\/2022\/12\/DSC4905-HDR-scaled-1100x699.jpg\" height=\"699\" width=\"1100\" data-caption=\"JUNIOR SUITE\" title=\"_DSC4905-HDR\" alt=\"\" class=\"slider-2141 slide-3821 msDefaultImage\" \/><img loading=\"lazy\" decoding=\"async\" src=\"https:\/\/hotelsalondeprovence.fr\/wp-content\/uploads\/2022\/12\/DSC4912-HDR-scaled-1100x699.jpg\" height=\"699\" width=\"1100\" data-caption=\"JUNIOR SUITE\" title=\"_DSC4912-HDR\" alt=\"\" class=\"slider-2141 slide-3822 msDefaultImage\" \/><img loading=\"lazy\" decoding=\"async\" src=\"https:\/\/hotelsalondeprovence.fr\/wp-content\/uploads\/2022\/12\/DSC4919-HDR-1-scaled-1100x699.jpg\" height=\"699\" width=\"1100\" data-caption=\"JUNIOR SUITE\" title=\"_DSC4919-HDR\" alt=\"\" class=\"slider-2141 slide-3823 msDefaultImage\" \/><img loading=\"lazy\" decoding=\"async\" src=\"https:\/\/hotelsalondeprovence.fr\/wp-content\/uploads\/2022\/12\/DSC4940-HDR-scaled-1100x699.jpg\" height=\"699\" width=\"1100\" data-caption=\"JUNIOR SUITE\" title=\"_DSC4940-HDR\" alt=\"\" class=\"slider-2141 slide-3826 msDefaultImage\" \/><img loading=\"lazy\" decoding=\"async\" src=\"https:\/\/hotelsalondeprovence.fr\/wp-content\/uploads\/2022\/12\/DSC4961-HDR-scaled-1100x699.jpg\" height=\"699\" width=\"1100\" data-caption=\"JUNIOR SUITE\" title=\"_DSC4961-HDR\" alt=\"\" class=\"slider-2141 slide-3828 msDefaultImage\" \/><img loading=\"lazy\" decoding=\"async\" src=\"https:\/\/hotelsalondeprovence.fr\/wp-content\/uploads\/2022\/12\/DSC1412-HDR-scaled-1100x699.jpg\" height=\"699\" width=\"1100\" data-caption=\"JUNIOR SUITE\" title=\"_DSC1412-HDR\" alt=\"\" class=\"slider-2141 slide-3820 msDefaultImage\" \/><img loading=\"lazy\" decoding=\"async\" src=\"https:\/\/hotelsalondeprovence.fr\/wp-content\/uploads\/2022\/12\/DSC1405-HDR-scaled-1100x699.jpg\" height=\"699\" width=\"1100\" data-caption=\"JUNIOR SUITE\" title=\"_DSC1405-HDR\" alt=\"\" class=\"slider-2141 slide-3819 msDefaultImage\" \/><\/div><\/div>\n        \n    <\/div>\n<\/div><\/div>\r\n<h1 style=\"text-align: center;\"><strong>JUNIOR SUITE\u00a0 30 m\u00b2<br \/><\/strong><\/h1>\r\n<h2 style=\"text-align: center;\">\u00a0\u2666 \u00a0 2\u00a0 personnes \u00a0 \u2666\u00a0 1\u00a0 couchage\u00a0 \u2666\u00a0 \u00a0 96 <strong>\u20ac<\/strong><\/h2>\r\n<h2 style=\"text-align: center;\">\u00a0\u2666 2 \u21d4 4 personnes \u2666 2 couchages \u2666 120<strong> \u20ac <\/strong><\/h2>\r\n\r\n<p style=\"text-align: center;\">\u00a0<\/p>\r\n<div id=\"comp-ko32ebv0\" class=\"_2bafp\" data-testid=\"richTextElement\">\r\n<ul>\r\n<li style=\"list-style-type: none;\">\r\n<ul>\r\n<li style=\"list-style-type: none;\">\r\n<ul>\r\n<li style=\"list-style-type: none;\">\r\n<ul>\r\n<li style=\"list-style-type: none;\">\r\n<ul>\r\n<li style=\"list-style-type: none;\">\r\n<ul>\r\n<li style=\"list-style-type: none;\">\r\n<ul>\r\n<li style=\"list-style-type: none;\">\r\n<ul>\r\n<li style=\"list-style-type: none;\">\r\n<ul>\r\n<li style=\"list-style-type: none;\">\r\n<ul>\r\n<li>1 lit en 160 x 200 cm<\/li>\r\n<li class=\"font_8\">TV \u00e0 \u00e9cran plat<\/li>\r\n<li class=\"font_8\">Climatisation r\u00e9versible individuelle<\/li>\r\n<li>Dressing<\/li>\r\n<li class=\"font_8\">T\u00e9l\u00e9phone et bureau<\/li>\r\n<li>Coin salon avec sofa<\/li>\r\n<li>Balcon<\/li>\r\n<li class=\"font_8\">Plateau d\u2019accueil Eau,Th\u00e9 bouilloire et caf\u00e9<\/li>\r\n<li class=\"font_8\">Baignoire, wc, s\u00e8che cheveux<\/li>\r\n<li>Articles de toilette<\/li>\r\n<li>R\u00e9seau Wifi gratuit<\/li>\r\n<li>Non fumeur<\/li>\r\n<li>Situ\u00e9e au 1er \u00e9tage<\/li>\r\n<\/ul>\r\n<\/li>\r\n<\/ul>\r\n<\/li>\r\n<\/ul>\r\n<\/li>\r\n<\/ul>\r\n<\/li>\r\n<\/ul>\r\n<\/li>\r\n<\/ul>\r\n<\/li>\r\n<\/ul>\r\n<\/li>\r\n<\/ul>\r\n<\/li>\r\n<\/ul>\r\n<\/li>\r\n<\/ul>\r\n<\/div>\r\n<p><img loading=\"lazy\" decoding=\"async\" class=\" wp-image-3580 aligncenter\" src=\"https:\/\/hotelsalondeprovence.fr\/wp-content\/uploads\/2022\/12\/Logo_Beige.png-petite.png\" alt=\"LOGO\" width=\"82\" height=\"83\" \/><\/p>\r\n<h3 style=\"text-align: center;\"><a class=\"wp-block-button__link has-text-color has-background\" href=\"https:\/\/reservations.hotel-spider.com\/#\/01q577a586233360\">R\u00c9SERVATION<\/a><\/h3>\r\n<p>&nbsp;<\/p>\r\n\r\n<p><a href=\"https:\/\/hotelsalondeprovence.fr\/index.php\/page-d-exemple\/suite-junior\/\">Voir la page<\/a><\/p>\r\n","protected":false},"excerpt":{"rendered":"<p>\u00a0 1 lit en 160 x 200 cm TV \u00e0 \u00e9cran plat Climatisation r\u00e9versible individuelle Dressing T\u00e9l\u00e9phone et bureau Coin salon avec sofa Balcon Plateau d\u2019accueil Eau,Th\u00e9 bouilloire et caf\u00e9 Baignoire, wc, s\u00e8che cheveux Articles de toilette R\u00e9seau Wifi gratuit<\/p>\n","protected":false},"author":2,"featured_media":0,"parent":2,"menu_order":5,"comment_status":"closed","ping_status":"closed","template":"","meta":{"_uag_custom_page_level_css":"","footnotes":""},"class_list":["post-245","page","type-page","status-publish","hentry"],"uagb_featured_image_src":{"full":false,"thumbnail":false,"medium":false,"medium_large":false,"large":false,"1536x1536":false,"2048x2048":false,"featured-blog-large":false,"featured-blog-small":false,"featured-service":false,"featured-recent-work":false},"uagb_author_info":{"display_name":"anna","author_link":"https:\/\/hotelsalondeprovence.fr\/index.php\/author\/maunat\/"},"uagb_comment_info":0,"uagb_excerpt":"\u00a0 1 lit en 160 x 200 cm TV \u00e0 \u00e9cran plat Climatisation r\u00e9versible individuelle Dressing T\u00e9l\u00e9phone et bureau Coin salon avec sofa Balcon Plateau d\u2019accueil Eau,Th\u00e9 bouilloire et caf\u00e9 Baignoire, wc, s\u00e8che cheveux Articles de toilette R\u00e9seau Wifi gratuit","_links":{"self":[{"href":"https:\/\/hotelsalondeprovence.fr\/index.php\/wp-json\/wp\/v2\/pages\/245","targetHints":{"allow":["GET"]}}],"collection":[{"href":"https:\/\/hotelsalondeprovence.fr\/index.php\/wp-json\/wp\/v2\/pages"}],"about":[{"href":"https:\/\/hotelsalondeprovence.fr\/index.php\/wp-json\/wp\/v2\/types\/page"}],"author":[{"embeddable":true,"href":"https:\/\/hotelsalondeprovence.fr\/index.php\/wp-json\/wp\/v2\/users\/2"}],"replies":[{"embeddable":true,"href":"https:\/\/hotelsalondeprovence.fr\/index.php\/wp-json\/wp\/v2\/comments?post=245"}],"version-history":[{"count":25,"href":"https:\/\/hotelsalondeprovence.fr\/index.php\/wp-json\/wp\/v2\/pages\/245\/revisions"}],"predecessor-version":[{"id":4180,"href":"https:\/\/hotelsalondeprovence.fr\/index.php\/wp-json\/wp\/v2\/pages\/245\/revisions\/4180"}],"up":[{"embeddable":true,"href":"https:\/\/hotelsalondeprovence.fr\/index.php\/wp-json\/wp\/v2\/pages\/2"}],"wp:attachment":[{"href":"https:\/\/hotelsalondeprovence.fr\/index.php\/wp-json\/wp\/v2\/media?parent=245"}],"curies":[{"name":"wp","href":"https:\/\/api.w.org\/{rel}","templated":true}]}}