{"id":70,"date":"2018-02-19T19:48:21","date_gmt":"2018-02-19T18:48:21","guid":{"rendered":"https:\/\/hotelsalondeprovence.fr\/?page_id=70"},"modified":"2026-03-18T11:04:01","modified_gmt":"2026-03-18T10:04:01","slug":"chambre-de-luxe","status":"publish","type":"page","link":"https:\/\/hotelsalondeprovence.fr\/index.php\/page-d-exemple\/chambre-de-luxe\/","title":{"rendered":"Chambre Confort deluxe"},"content":{"rendered":"\r\n<div class=\"alignnormal\"><div id=\"metaslider-id-2159\" style=\"max-width: 1000px; margin: 0 auto;\" class=\"ml-slider-3-107-0 metaslider metaslider-nivo metaslider-2159 ml-slider has-dots-nav ms-theme-default\" role=\"region\" aria-label=\"chambre double confort deluxe\" data-height=\"599\" data-width=\"1000\">\n    <div id=\"metaslider_container_2159\">\n        <div class='slider-wrapper theme-default'><div class='ribbon'><\/div><div id='metaslider_2159' class='nivoSlider'><img loading=\"lazy\" decoding=\"async\" src=\"https:\/\/hotelsalondeprovence.fr\/wp-content\/uploads\/2023\/05\/IMG_7569-1000x599.jpg\" height=\"599\" width=\"1000\" data-caption=\"CHAMBRE DOUBLE CONFORT DELUXE\" title=\"IMG_7569\" alt=\"CHAMBRE DOUBLE CONFORT DELUXE\" class=\"slider-2159 slide-3909 msDefaultImage\" \/><img loading=\"lazy\" decoding=\"async\" src=\"https:\/\/hotelsalondeprovence.fr\/wp-content\/uploads\/2023\/05\/IMG_7570-1000x599.jpg\" height=\"599\" width=\"1000\" data-caption=\"CHAMBRE DOUBLE CONFORT DELUXE\" title=\"IMG_7570\" alt=\"\" class=\"slider-2159 slide-3910 msDefaultImage\" \/><img loading=\"lazy\" decoding=\"async\" src=\"https:\/\/hotelsalondeprovence.fr\/wp-content\/uploads\/2023\/05\/IMG_7571-1000x599.jpg\" height=\"599\" width=\"1000\" data-caption=\"CHAMBRE DOUBLE CONFORT DELUXE\" title=\"IMG_7571\" alt=\"\" class=\"slider-2159 slide-3911 msDefaultImage\" \/><img loading=\"lazy\" decoding=\"async\" src=\"https:\/\/hotelsalondeprovence.fr\/wp-content\/uploads\/2023\/05\/IMG_7572-1000x599.jpg\" height=\"599\" width=\"1000\" data-caption=\"CHAMBRE DOUBLE CONFORT DELUXE\" title=\"IMG_7572\" alt=\"\" class=\"slider-2159 slide-3912 msDefaultImage\" \/><img loading=\"lazy\" decoding=\"async\" src=\"https:\/\/hotelsalondeprovence.fr\/wp-content\/uploads\/2023\/05\/IMG_75731-1000x599.jpg\" height=\"599\" width=\"1000\" data-caption=\"CHAMBRE DOUBLE CONFORT DELUXE\" title=\"IMG_7573(1)\" alt=\"\" class=\"slider-2159 slide-3913 msDefaultImage\" \/><img loading=\"lazy\" decoding=\"async\" src=\"https:\/\/hotelsalondeprovence.fr\/wp-content\/uploads\/2022\/12\/58d44125-9ea3-42d5-a459-bedbd22a04c5-1000x599.jpg\" height=\"599\" width=\"1000\" data-caption=\"CHAMBRE DOUBLE CONFORT DELUXE\" title=\"58d44125-9ea3-42d5-a459-bedbd22a04c5\" alt=\"\" class=\"slider-2159 slide-3619 msDefaultImage\" \/><img loading=\"lazy\" decoding=\"async\" src=\"https:\/\/hotelsalondeprovence.fr\/wp-content\/uploads\/2023\/10\/DSF1827-scaled-1000x599.jpg\" height=\"599\" width=\"1000\" data-caption=\"CHAMBRE DOUBLE CONFORT DELUXE\" title=\"_DSF1827\" alt=\"CHAMBRE DOUBLE CONFORT DELUXE\" class=\"slider-2159 slide-3968 msDefaultImage\" \/><img loading=\"lazy\" decoding=\"async\" src=\"https:\/\/hotelsalondeprovence.fr\/wp-content\/uploads\/2023\/10\/DSF1830-scaled-1000x599.jpg\" height=\"599\" width=\"1000\" data-caption=\"CHAMBRE DOUBLE CONFORT DELUXE\" title=\"_DSF1830\" alt=\"\" class=\"slider-2159 slide-3969 msDefaultImage\" \/><\/div><\/div>\n        \n    <\/div>\n<\/div><\/div>\r\n<div>\u00a0<\/div>\r\n<h1 style=\"text-align: center;\"><strong>CHAMBRE DOUBLE CONFORT DELUXE<\/strong><\/h1>\r\n<h2 style=\"text-align: center;\"><span style=\"color: #000000;\">21 m\u00b2 \u2666 2 adultes \u2666 1 couchage <\/span>\u2666 90<strong>\u00a0\u20ac<\/strong><\/h2>\r\n<h2 style=\"text-align: center;\">21 m\u00b2 \u2666 2\u21944 personnes \u2666 2 couchages \u2666<strong>110 \u20ac<\/strong><\/h2>\r\n\r\n<div id=\"comp-ko32ebv0\" class=\"_2bafp\" data-testid=\"richTextElement\">\r\n<ul>\r\n<li style=\"list-style-type: none;\">\r\n<ul>\r\n<li style=\"list-style-type: none;\">\r\n<ul>\r\n<li style=\"list-style-type: none;\">\r\n<ul>\r\n<li style=\"list-style-type: none;\">\r\n<ul>\r\n<li style=\"list-style-type: none;\">\r\n<ul>\r\n<li style=\"list-style-type: none;\">\r\n<ul>\r\n<li style=\"list-style-type: none;\">\r\n<ul>\r\n<li style=\"list-style-type: none;\">\r\n<ul>\r\n<li style=\"list-style-type: none;\">\r\n<ul>\r\n<li>1 lit en 160 x 200 cm<\/li>\r\n<li class=\"font_8\">TV \u00e0 \u00e9cran plat<\/li>\r\n<li class=\"font_8\">Climatisation r\u00e9versible individuelle<\/li>\r\n<li>Armoire\u00a0 penderie<\/li>\r\n<li class=\"font_8\">T\u00e9l\u00e9phone, sofa\u00a0 et bureau<\/li>\r\n<li class=\"font_8\">Plateau d\u2019accueil\u00a0 \u00a0Th\u00e9 bouilloire et caf\u00e9<\/li>\r\n<li class=\"font_8\">Douche, wc, s\u00e8che cheveux<\/li>\r\n<li>Articles de toilette<\/li>\r\n<li>R\u00e9seau Wifi gratuit<\/li>\r\n<li>Non fumeur<\/li>\r\n<li>Situ\u00e9e au 2\u00e9m \u00e9tage<\/li>\r\n<\/ul>\r\n<\/li>\r\n<\/ul>\r\n<\/li>\r\n<\/ul>\r\n<\/li>\r\n<\/ul>\r\n<\/li>\r\n<\/ul>\r\n<\/li>\r\n<\/ul>\r\n<\/li>\r\n<\/ul>\r\n<\/li>\r\n<\/ul>\r\n<\/li>\r\n<\/ul>\r\n<\/li>\r\n<\/ul>\r\n<\/div>\r\n<p><img loading=\"lazy\" decoding=\"async\" class=\" wp-image-3580 aligncenter\" src=\"https:\/\/hotelsalondeprovence.fr\/wp-content\/uploads\/2022\/12\/Logo_Beige.png-petite.png\" alt=\"LOGO\" width=\"82\" height=\"83\" \/><\/p>\r\n<h3 style=\"text-align: center;\"><span style=\"color: #000000;\"><a class=\"wp-block-button__link has-text-color has-background\" style=\"color: #000000;\" href=\"https:\/\/reservations.hotel-spider.com\/#\/01q577a586233360\">R\u00c9SERVATION<\/a><\/span><\/h3>\r\n<h2>\u00a0<\/h2>\r\n\r\n<p>&nbsp;<\/p>\r\n","protected":false},"excerpt":{"rendered":"<p>1 lit en 160 x 200 cm TV \u00e0 \u00e9cran plat Climatisation r\u00e9versible individuelle Armoire\u00a0 penderie T\u00e9l\u00e9phone, sofa\u00a0 et bureau Plateau d\u2019accueil\u00a0 \u00a0Th\u00e9 bouilloire et caf\u00e9 Douche, wc, s\u00e8che cheveux Articles de toilette R\u00e9seau Wifi gratuit Non fumeur Situ\u00e9e au<\/p>\n","protected":false},"author":2,"featured_media":0,"parent":2,"menu_order":4,"comment_status":"closed","ping_status":"closed","template":"","meta":{"_uag_custom_page_level_css":"","footnotes":""},"class_list":["post-70","page","type-page","status-publish","hentry"],"uagb_featured_image_src":{"full":false,"thumbnail":false,"medium":false,"medium_large":false,"large":false,"1536x1536":false,"2048x2048":false,"featured-blog-large":false,"featured-blog-small":false,"featured-service":false,"featured-recent-work":false},"uagb_author_info":{"display_name":"anna","author_link":"https:\/\/hotelsalondeprovence.fr\/index.php\/author\/maunat\/"},"uagb_comment_info":0,"uagb_excerpt":"1 lit en 160 x 200 cm TV \u00e0 \u00e9cran plat Climatisation r\u00e9versible individuelle Armoire\u00a0 penderie T\u00e9l\u00e9phone, sofa\u00a0 et bureau Plateau d\u2019accueil\u00a0 \u00a0Th\u00e9 bouilloire et caf\u00e9 Douche, wc, s\u00e8che cheveux Articles de toilette R\u00e9seau Wifi gratuit Non fumeur Situ\u00e9e au","_links":{"self":[{"href":"https:\/\/hotelsalondeprovence.fr\/index.php\/wp-json\/wp\/v2\/pages\/70","targetHints":{"allow":["GET"]}}],"collection":[{"href":"https:\/\/hotelsalondeprovence.fr\/index.php\/wp-json\/wp\/v2\/pages"}],"about":[{"href":"https:\/\/hotelsalondeprovence.fr\/index.php\/wp-json\/wp\/v2\/types\/page"}],"author":[{"embeddable":true,"href":"https:\/\/hotelsalondeprovence.fr\/index.php\/wp-json\/wp\/v2\/users\/2"}],"replies":[{"embeddable":true,"href":"https:\/\/hotelsalondeprovence.fr\/index.php\/wp-json\/wp\/v2\/comments?post=70"}],"version-history":[{"count":23,"href":"https:\/\/hotelsalondeprovence.fr\/index.php\/wp-json\/wp\/v2\/pages\/70\/revisions"}],"predecessor-version":[{"id":4172,"href":"https:\/\/hotelsalondeprovence.fr\/index.php\/wp-json\/wp\/v2\/pages\/70\/revisions\/4172"}],"up":[{"embeddable":true,"href":"https:\/\/hotelsalondeprovence.fr\/index.php\/wp-json\/wp\/v2\/pages\/2"}],"wp:attachment":[{"href":"https:\/\/hotelsalondeprovence.fr\/index.php\/wp-json\/wp\/v2\/media?parent=70"}],"curies":[{"name":"wp","href":"https:\/\/api.w.org\/{rel}","templated":true}]}}