{"id":94,"date":"2018-02-19T20:27:54","date_gmt":"2018-02-19T19:27:54","guid":{"rendered":"https:\/\/hotelsalondeprovence.fr\/?page_id=94"},"modified":"2022-12-20T12:50:44","modified_gmt":"2022-12-20T11:50:44","slug":"plan-dacces","status":"publish","type":"page","link":"https:\/\/hotelsalondeprovence.fr\/index.php\/plan-dacces\/","title":{"rendered":"Plan d&rsquo;acc\u00e8s"},"content":{"rendered":"<h6><img loading=\"lazy\" decoding=\"async\" class=\"irc_mi\" src=\"https:\/\/www.erenumerique.fr\/wp-content\/uploads\/2019\/04\/googlemaps.jpg\" alt=\"R\u00e9sultat de recherche d'images pour &quot;logo google maps petit format&quot;\" width=\"92\" height=\"61\" data-iml=\"1558627826901\" \/><a href=\"https:\/\/www.google.com\/maps\/dir\/43.6298519,5.0911164\/hotel+de+provence+salon+de+provence\/@43.6337244,5.0849561,15z\/data=!3m1!4b1!4m9!4m8!1m1!4e1!1m5!1m1!1s0x12c9fe4d4d976207:0x8a970ab506f4377f!2m2!1d5.0902788!2d43.6393358\">en voiture cliquer ici\u00a0 \u21d2 \u00a0 GOOGLE MAP<\/a><\/h6>\n<p><!--more--><\/p>\n<p>&nbsp;<\/p>\n<p style=\"text-align: center;\"><iframe loading=\"lazy\" style=\"border: 0;\" src=\"https:\/\/www.google.com\/maps\/embed?pb=!1m18!1m12!1m3!1d2887.4224114758435!2d5.088083515497292!3d43.63937917912173!2m3!1f0!2f0!3f0!3m2!1i1024!2i768!4f13.1!3m3!1m2!1s0x12c9fe4d4ccd4107%3A0x5f60a47430d1f320!2s450+Boulevard+Mar%C3%A9chal+Foch%2C+13300+Salon-de-Provence!5e0!3m2!1sfr!2sfr!4v1519068435742\" width=\"600\" height=\"450\" frameborder=\"0\" allowfullscreen=\"allowfullscreen\"><\/iframe><\/p>\n<p>&nbsp;<\/p>\n<h2><span class=\"navy\"><u>Acc\u00e8s en voiture:<\/u><\/span><\/h2>\n<p>&#8211;\u00a0<span class=\"navy\">A54 (E80)<\/span>\u00a0(Montpellier, N\u00eemes, Arles) sortir \u00e0 Salon Ouest (sortie 14)<br \/>\n&#8211;\u00a0<span class=\"navy\">A7 (E714)<\/span>\u00a0(Marseille, Aix en Provence, Nice) prendre la sortie Salon, Barcelone et<br \/>\nsortir \u00e0 Salon Centre (sortie 15 )<br \/>\n&#8211;\u00a0<span class=\"navy\">A7 (E714)<\/span>\u00a0(Cavaillon, Avignon, Lyon) sortir au Salon Nord (sortie 27)<br \/>\nLorsque vous \u00eates \u00e0 Salon de Provence, suivre les panneaux\u00a0<span class=\"navy\">\u00abSalon Ouest\u00bb<\/span>et\u00a0<span class=\"navy\">\u00abGare SNCF\u00bb.\u00a0<\/span><\/p>\n<p>L&rsquo;H\u00f4tel de Provence est situ\u00e9 \u00e0 50 m\u00e8tres de la gare sur le boulevard du Mar\u00e9chal Foch et \u00e0 400 m\u00e8tres du centre de Salon de Provence.<\/p>\n<p><a title=\"Le GR 2013 est un superbe sentier de randonn\u00e9e de 365 km qui traverse la zone m\u00e9tropolitaine de Marseille.\" href=\"https:\/\/www.bouches-du-rhone.net\/les-sentiers-les-topoguides\/gr-2013\/\" target=\"_blank\" rel=\"noopener noreferrer\"><u>Le GR201<\/u><\/a><u>3<\/u>\u00a0passe devant l&rsquo;H\u00f4tel de Provence.<\/p>\n<h2><span class=\"navy\"><u>Acc\u00e8s en train:<\/u><\/span><\/h2>\n<p>Salon de Provence est sur la ligne Miramas Avignon, vous pouvez y acc\u00e9der de diff\u00e9rentes fa\u00e7ons:<br \/>\n&#8211; Soit vous arr\u00eatez \u00e0 la gare TGV d&rsquo;Aix en Provence et\u00a0<a title=\"Horaires de bus pour la gare d'Aix en Provence TGV \/ Marseille Provence Airport\" href=\"http:\/\/www.lepilote.com\/horaires_ligne\/index.asp?rub_code=6&amp;ladate=23%2F02%2F2012&amp;lheure=22&amp;laminute=29&amp;actionButton=SearchByLineNumberHiddenField&amp;keywordsNumber=040&amp;lign_id=644\" target=\"_blank\" rel=\"noopener noreferrer\"><u>vous prenez le bus (num\u00e9ro 40) vers l&rsquo;a\u00e9roport Marseille-Provence<\/u><\/a>\u00a0et\u00a0<a title=\"Horaires des bus pour l'a\u00e9roport Marseille Provence \/ Salon de Provence\" href=\"http:\/\/www.lepilote.com\/horaires_ligne\/index.asp?rub_code=6&amp;ladate=22%2F01%2F2014&amp;lheure=17&amp;laminute=2&amp;actionButton=SearchByLineNumberHiddenField&amp;keywordsNumber=17&amp;part_id=10&amp;lign_id=635&amp;sens=2\" target=\"_blank\" rel=\"noopener noreferrer\"><u>le bus ( num\u00e9ro 17) \u00e0 Salon de Provence.\u00a0<\/u><\/a><br \/>\n&#8211; Soit vous vous arr\u00eatez \u00e0 la gare TGV de Marseille et\u00a0<a title=\"Horaire de la gare Marseille St Charles vers Salon de Provence\" href=\"http:\/\/www.lepilote.com\/ri\/?comDep=13055&amp;pointDep=11689%24SAINT+CHARLES%242%2413055&amp;numDep=&amp;comArr=13103&amp;pointArr=16456%24Gare+SNCF%242%2413103%24&amp;numArr=&amp;laDate=27%2F02%2F2012&amp;lHeure=05&amp;laMinute=35&amp;leMeridien=&amp;typeDate=68&amp;critereRI=1&amp;rub_code=4&amp;laction=synthese&amp;search=Rechercher\" target=\"_blank\" rel=\"noopener noreferrer\"><u>vous prenez un autre train en direction de Salon de Provence.<\/u><\/a><\/p>\n<h2><span class=\"navy\"><u>Une s\u00e9lection de taxis \u00e0 Salon de Provence:<\/u><\/span><\/h2>\n<p>la station de taxis se trouve Cours Gimon (devant Monoprix)<br \/>\n&#8211; La station de taxis: 04 90 56 06 47 (sauf dimanche)<br \/>\n&#8211; Taxis Accord: 04 90 42 18 91<br \/>\n&#8211; Taxis Radio Salonais : +33 (0) 4 90 53 21 39<br \/>\n&#8211; Artaxi Salon: +33 (0) 4 90 42 13 50<\/p>\n<h2><span class=\"navy\"><u>L&rsquo;a\u00e9roport pr\u00e8s de Salon de Provence. MARSEILLE MARIGNANE<\/u><\/span><\/h2>\n<p>A\u00e9roport Marseille-Provence \u00e0 Marignane, \u00e0 25 Km de Salon de Provence,\u00a0<a title=\"Horaires des bus pour l'a\u00e9roport Marseille Provence \/ Salon de Provence\" href=\"http:\/\/www.lepilote.com\/horaires_ligne\/index.asp?rub_code=6&amp;ladate=22%2F01%2F2014&amp;lheure=17&amp;laminute=2&amp;actionButton=SearchByLineNumberHiddenField&amp;keywordsNumber=17&amp;part_id=10&amp;lign_id=635&amp;sens=2\" target=\"_blank\" rel=\"noopener noreferrer\"><u>prendre le bus (num\u00e9ro 17) jusqu&rsquo;\u00e0 Salon de Provence.\u00a0<\/u><\/a><br \/>\n<a title=\"A\u00e9roport de Marseille-Marignane\" href=\"http:\/\/www.marseille.aeroport.fr\" target=\"_blank\" rel=\"noopener noreferrer\"><u>www.marseille.aeroport.fr<\/u><\/a><br \/>\nTerminal low-cost mp2 &#8211;\u00a0<a title=\"Ryanair\" href=\"http:\/\/www.ryanair.com\" target=\"_blank\" rel=\"noopener noreferrer\">www.ryanair.com<\/a><\/p>\n<p><a href=\"https:\/\/www.coordonnees-gps.fr\/street-view\/@43.639277,5.090397,h290,p8,z1\" target=\"_blank\" rel=\"noopener noreferrer\">Cliquer sur ce texte pour acc\u00e9der \u00e0 street view<\/a><\/p>\n","protected":false},"excerpt":{"rendered":"<p>en voiture cliquer ici\u00a0 \u21d2 \u00a0 GOOGLE MAP<\/p>\n","protected":false},"author":2,"featured_media":0,"parent":0,"menu_order":0,"comment_status":"closed","ping_status":"closed","template":"","meta":{"_uag_custom_page_level_css":"","footnotes":""},"class_list":["post-94","page","type-page","status-publish","hentry"],"uagb_featured_image_src":{"full":false,"thumbnail":false,"medium":false,"medium_large":false,"large":false,"1536x1536":false,"2048x2048":false,"featured-blog-large":false,"featured-blog-small":false,"featured-service":false,"featured-recent-work":false},"uagb_author_info":{"display_name":"anna","author_link":"https:\/\/hotelsalondeprovence.fr\/index.php\/author\/maunat\/"},"uagb_comment_info":0,"uagb_excerpt":"en voiture cliquer ici\u00a0 \u21d2 \u00a0 GOOGLE MAP","_links":{"self":[{"href":"https:\/\/hotelsalondeprovence.fr\/index.php\/wp-json\/wp\/v2\/pages\/94","targetHints":{"allow":["GET"]}}],"collection":[{"href":"https:\/\/hotelsalondeprovence.fr\/index.php\/wp-json\/wp\/v2\/pages"}],"about":[{"href":"https:\/\/hotelsalondeprovence.fr\/index.php\/wp-json\/wp\/v2\/types\/page"}],"author":[{"embeddable":true,"href":"https:\/\/hotelsalondeprovence.fr\/index.php\/wp-json\/wp\/v2\/users\/2"}],"replies":[{"embeddable":true,"href":"https:\/\/hotelsalondeprovence.fr\/index.php\/wp-json\/wp\/v2\/comments?post=94"}],"version-history":[{"count":1,"href":"https:\/\/hotelsalondeprovence.fr\/index.php\/wp-json\/wp\/v2\/pages\/94\/revisions"}],"predecessor-version":[{"id":3242,"href":"https:\/\/hotelsalondeprovence.fr\/index.php\/wp-json\/wp\/v2\/pages\/94\/revisions\/3242"}],"wp:attachment":[{"href":"https:\/\/hotelsalondeprovence.fr\/index.php\/wp-json\/wp\/v2\/media?parent=94"}],"curies":[{"name":"wp","href":"https:\/\/api.w.org\/{rel}","templated":true}]}}